{"id":228,"date":"2024-01-04T21:43:21","date_gmt":"2024-01-05T03:43:21","guid":{"rendered":"https:\/\/filtrosdeagua.ozonofiltroscostarica.com\/?post_type=product&#038;p=228"},"modified":"2024-01-13T10:48:46","modified_gmt":"2024-01-13T16:48:46","slug":"suavizador-de-agua-costa-rica","status":"publish","type":"product","link":"https:\/\/filtrosdeagua.ozonofiltroscostarica.com\/index.php\/product\/suavizador-de-agua-costa-rica\/","title":{"rendered":"Suavizador de Agua Costa Rica"},"content":{"rendered":"<p><strong>Especificaciones t\u00e9cnicas:<\/strong><\/p>\n<ul>\n<li>Tama\u00f1o de Tanque: 10&#215;35 Tanque Pentair(Estructural) en fibra de vidrio.<\/li>\n<li>Capacidad por tanque 1ft3<\/li>\n<li>Conexi\u00f3n de entrada y salida de cada v\u00e1lvula: 1\u201d(macho roscado)<\/li>\n<li>Flujo de servicio normal: 4-6 GPM<\/li>\n<li>Flujo de servicio Pico: 8 GPM<\/li>\n<\/ul>\n<p><strong>Beneficios<\/strong><\/p>\n<ul>\n<li>Tuber\u00edas limpias<\/li>\n<li>Alarga la vida de herrajes y llaves<\/li>\n<li>Protege de incrustaciones a calentadores de agua haci\u00e9ndolos m\u00e1s eficientes<\/li>\n<li>Disminuye el gasto en consumo de jab\u00f3n<\/li>\n<\/ul>\n<p>Transforma tu rutina diaria y descubre la diferencia que un agua suavizada puede hacer en tu vida. \u00a1A\u00f1ade nuestro Suavizador de Agua a tu carrito de compras hoy mismo y experimenta la excelencia en cada gota!<\/p>\n","protected":false},"excerpt":{"rendered":"<p>Transforma tu experiencia diaria con agua con nuestro Suavizador de Agua de \u00daltima Generaci\u00f3n, disponible exclusivamente en nuestra tienda online. Dise\u00f1ado para brindarte agua m\u00e1s suave y pura, este dispositivo innovador se convertir\u00e1 en el complemento perfecto para tu hogar.<\/p>\n","protected":false},"featured_media":229,"comment_status":"open","ping_status":"closed","template":"","meta":[],"product_cat":[26,27],"product_tag":[],"yoast_head":"<!-- This site is optimized with the Yoast SEO plugin v21.6 - https:\/\/yoast.com\/wordpress\/plugins\/seo\/ -->\n<title>Suavizador de Agua Costa Rica<\/title>\n<meta name=\"description\" content=\"Transforma tu experiencia diaria con agua con nuestro Suavizador de Agua de \u00daltima Generaci\u00f3n, disponible exclusivamente en nuestra tienda online.\" \/>\n<meta name=\"robots\" content=\"index, follow, max-snippet:-1, max-image-preview:large, max-video-preview:-1\" \/>\n<link rel=\"canonical\" href=\"https:\/\/filtrosdeagua.ozonofiltroscostarica.com\/index.php\/product\/suavizador-de-agua-costa-rica\/\" \/>\n<meta property=\"og:type\" content=\"article\" \/>\n<meta property=\"og:title\" content=\"Suavizador de Agua Costa Rica\" \/>\n<meta property=\"og:description\" content=\"Transforma tu experiencia diaria con agua con nuestro Suavizador de Agua de \u00daltima Generaci\u00f3n, disponible exclusivamente en nuestra tienda online.\" \/>\n<meta property=\"og:url\" content=\"https:\/\/filtrosdeagua.ozonofiltroscostarica.com\/index.php\/product\/suavizador-de-agua-costa-rica\/\" \/>\n<meta property=\"og:site_name\" content=\"Filtros de Agua\" \/>\n<meta property=\"article:modified_time\" content=\"2024-01-13T16:48:46+00:00\" \/>\n<meta property=\"og:image\" content=\"http:\/\/filtrosdeagua.ozonofiltroscostarica.com\/wp-content\/uploads\/2024\/01\/suavizador01.jpg\" \/>\n\t<meta property=\"og:image:width\" content=\"720\" \/>\n\t<meta property=\"og:image:height\" content=\"857\" \/>\n\t<meta property=\"og:image:type\" content=\"image\/jpeg\" \/>\n<meta name=\"twitter:card\" content=\"summary_large_image\" \/>\n<meta name=\"twitter:label1\" content=\"Tiempo de lectura\" \/>\n\t<meta name=\"twitter:data1\" content=\"1 minuto\" \/>\n<script type=\"application\/ld+json\" class=\"yoast-schema-graph\">{\"@context\":\"https:\/\/schema.org\",\"@graph\":[{\"@type\":\"WebPage\",\"@id\":\"https:\/\/filtrosdeagua.ozonofiltroscostarica.com\/index.php\/product\/suavizador-de-agua-costa-rica\/\",\"url\":\"https:\/\/filtrosdeagua.ozonofiltroscostarica.com\/index.php\/product\/suavizador-de-agua-costa-rica\/\",\"name\":\"Suavizador de Agua Costa Rica\",\"isPartOf\":{\"@id\":\"https:\/\/filtrosdeagua.ozonofiltroscostarica.com\/#website\"},\"datePublished\":\"2024-01-05T03:43:21+00:00\",\"dateModified\":\"2024-01-13T16:48:46+00:00\",\"description\":\"Transforma tu experiencia diaria con agua con nuestro Suavizador de Agua de \u00daltima Generaci\u00f3n, disponible exclusivamente en nuestra tienda online.\",\"breadcrumb\":{\"@id\":\"https:\/\/filtrosdeagua.ozonofiltroscostarica.com\/index.php\/product\/suavizador-de-agua-costa-rica\/#breadcrumb\"},\"inLanguage\":\"es\",\"potentialAction\":[{\"@type\":\"ReadAction\",\"target\":[\"https:\/\/filtrosdeagua.ozonofiltroscostarica.com\/index.php\/product\/suavizador-de-agua-costa-rica\/\"]}]},{\"@type\":\"BreadcrumbList\",\"@id\":\"https:\/\/filtrosdeagua.ozonofiltroscostarica.com\/index.php\/product\/suavizador-de-agua-costa-rica\/#breadcrumb\",\"itemListElement\":[{\"@type\":\"ListItem\",\"position\":1,\"name\":\"Portada\",\"item\":\"https:\/\/filtrosdeagua.ozonofiltroscostarica.com\/\"},{\"@type\":\"ListItem\",\"position\":2,\"name\":\"Shop\",\"item\":\"https:\/\/filtrosdeagua.ozonofiltroscostarica.com\/index.php\/shop\/\"},{\"@type\":\"ListItem\",\"position\":3,\"name\":\"Suavizador de Agua Costa Rica\"}]},{\"@type\":\"WebSite\",\"@id\":\"https:\/\/filtrosdeagua.ozonofiltroscostarica.com\/#website\",\"url\":\"https:\/\/filtrosdeagua.ozonofiltroscostarica.com\/\",\"name\":\"Filtros de Agua\",\"description\":\"Descubre la pureza en cada gota con nuestra selecci\u00f3n de filtros de agua de vanguardia. Transforma tu experiencia de hidrataci\u00f3n con nuestros innovadores sistemas de purificaci\u00f3n, dise\u00f1ados para brindarte agua cristalina y libre de impurezas. Explora nuestra gama de filtros de agua de alta calidad para hogares y negocios, garantizando no solo un mejor sabor, sino tambi\u00e9n la tranquilidad de un agua m\u00e1s limpia y saludable. \u00a1Haz de cada sorbo una experiencia refrescante y purificada con nuestros filtros de agua l\u00edderes en el mercado!\",\"alternateName\":\"Filtros de Agua\",\"potentialAction\":[{\"@type\":\"SearchAction\",\"target\":{\"@type\":\"EntryPoint\",\"urlTemplate\":\"https:\/\/filtrosdeagua.ozonofiltroscostarica.com\/?s={search_term_string}\"},\"query-input\":\"required name=search_term_string\"}],\"inLanguage\":\"es\"}]}<\/script>\n<!-- \/ Yoast SEO plugin. -->","yoast_head_json":{"title":"Suavizador de Agua Costa Rica","description":"Transforma tu experiencia diaria con agua con nuestro Suavizador de Agua de \u00daltima Generaci\u00f3n, disponible exclusivamente en nuestra tienda online.","robots":{"index":"index","follow":"follow","max-snippet":"max-snippet:-1","max-image-preview":"max-image-preview:large","max-video-preview":"max-video-preview:-1"},"canonical":"https:\/\/filtrosdeagua.ozonofiltroscostarica.com\/index.php\/product\/suavizador-de-agua-costa-rica\/","og_type":"article","og_title":"Suavizador de Agua Costa Rica","og_description":"Transforma tu experiencia diaria con agua con nuestro Suavizador de Agua de \u00daltima Generaci\u00f3n, disponible exclusivamente en nuestra tienda online.","og_url":"https:\/\/filtrosdeagua.ozonofiltroscostarica.com\/index.php\/product\/suavizador-de-agua-costa-rica\/","og_site_name":"Filtros de Agua","article_modified_time":"2024-01-13T16:48:46+00:00","og_image":[{"width":720,"height":857,"url":"http:\/\/filtrosdeagua.ozonofiltroscostarica.com\/wp-content\/uploads\/2024\/01\/suavizador01.jpg","type":"image\/jpeg"}],"twitter_card":"summary_large_image","twitter_misc":{"Tiempo de lectura":"1 minuto"},"schema":{"@context":"https:\/\/schema.org","@graph":[{"@type":"WebPage","@id":"https:\/\/filtrosdeagua.ozonofiltroscostarica.com\/index.php\/product\/suavizador-de-agua-costa-rica\/","url":"https:\/\/filtrosdeagua.ozonofiltroscostarica.com\/index.php\/product\/suavizador-de-agua-costa-rica\/","name":"Suavizador de Agua Costa Rica","isPartOf":{"@id":"https:\/\/filtrosdeagua.ozonofiltroscostarica.com\/#website"},"datePublished":"2024-01-05T03:43:21+00:00","dateModified":"2024-01-13T16:48:46+00:00","description":"Transforma tu experiencia diaria con agua con nuestro Suavizador de Agua de \u00daltima Generaci\u00f3n, disponible exclusivamente en nuestra tienda online.","breadcrumb":{"@id":"https:\/\/filtrosdeagua.ozonofiltroscostarica.com\/index.php\/product\/suavizador-de-agua-costa-rica\/#breadcrumb"},"inLanguage":"es","potentialAction":[{"@type":"ReadAction","target":["https:\/\/filtrosdeagua.ozonofiltroscostarica.com\/index.php\/product\/suavizador-de-agua-costa-rica\/"]}]},{"@type":"BreadcrumbList","@id":"https:\/\/filtrosdeagua.ozonofiltroscostarica.com\/index.php\/product\/suavizador-de-agua-costa-rica\/#breadcrumb","itemListElement":[{"@type":"ListItem","position":1,"name":"Portada","item":"https:\/\/filtrosdeagua.ozonofiltroscostarica.com\/"},{"@type":"ListItem","position":2,"name":"Shop","item":"https:\/\/filtrosdeagua.ozonofiltroscostarica.com\/index.php\/shop\/"},{"@type":"ListItem","position":3,"name":"Suavizador de Agua Costa Rica"}]},{"@type":"WebSite","@id":"https:\/\/filtrosdeagua.ozonofiltroscostarica.com\/#website","url":"https:\/\/filtrosdeagua.ozonofiltroscostarica.com\/","name":"Filtros de Agua","description":"Descubre la pureza en cada gota con nuestra selecci\u00f3n de filtros de agua de vanguardia. Transforma tu experiencia de hidrataci\u00f3n con nuestros innovadores sistemas de purificaci\u00f3n, dise\u00f1ados para brindarte agua cristalina y libre de impurezas. Explora nuestra gama de filtros de agua de alta calidad para hogares y negocios, garantizando no solo un mejor sabor, sino tambi\u00e9n la tranquilidad de un agua m\u00e1s limpia y saludable. \u00a1Haz de cada sorbo una experiencia refrescante y purificada con nuestros filtros de agua l\u00edderes en el mercado!","alternateName":"Filtros de Agua","potentialAction":[{"@type":"SearchAction","target":{"@type":"EntryPoint","urlTemplate":"https:\/\/filtrosdeagua.ozonofiltroscostarica.com\/?s={search_term_string}"},"query-input":"required name=search_term_string"}],"inLanguage":"es"}]}},"_links":{"self":[{"href":"https:\/\/filtrosdeagua.ozonofiltroscostarica.com\/index.php\/wp-json\/wp\/v2\/product\/228"}],"collection":[{"href":"https:\/\/filtrosdeagua.ozonofiltroscostarica.com\/index.php\/wp-json\/wp\/v2\/product"}],"about":[{"href":"https:\/\/filtrosdeagua.ozonofiltroscostarica.com\/index.php\/wp-json\/wp\/v2\/types\/product"}],"replies":[{"embeddable":true,"href":"https:\/\/filtrosdeagua.ozonofiltroscostarica.com\/index.php\/wp-json\/wp\/v2\/comments?post=228"}],"wp:featuredmedia":[{"embeddable":true,"href":"https:\/\/filtrosdeagua.ozonofiltroscostarica.com\/index.php\/wp-json\/wp\/v2\/media\/229"}],"wp:attachment":[{"href":"https:\/\/filtrosdeagua.ozonofiltroscostarica.com\/index.php\/wp-json\/wp\/v2\/media?parent=228"}],"wp:term":[{"taxonomy":"product_cat","embeddable":true,"href":"https:\/\/filtrosdeagua.ozonofiltroscostarica.com\/index.php\/wp-json\/wp\/v2\/product_cat?post=228"},{"taxonomy":"product_tag","embeddable":true,"href":"https:\/\/filtrosdeagua.ozonofiltroscostarica.com\/index.php\/wp-json\/wp\/v2\/product_tag?post=228"}],"curies":[{"name":"wp","href":"https:\/\/api.w.org\/{rel}","templated":true}]}}