{"id":7,"date":"2023-12-08T04:47:17","date_gmt":"2023-12-08T03:47:17","guid":{"rendered":"http:\/\/filtrosdeagua.ozonofiltroscostarica.com\/index.php\/cart\/"},"modified":"2023-12-08T04:47:17","modified_gmt":"2023-12-08T03:47:17","slug":"cart","status":"publish","type":"page","link":"https:\/\/filtrosdeagua.ozonofiltroscostarica.com\/index.php\/cart\/","title":{"rendered":"Cart"},"content":{"rendered":"<div data-block-name=\"woocommerce\/cart\" class=\"wp-block-woocommerce-cart alignwide is-loading\"><div data-block-name=\"woocommerce\/filled-cart-block\" class=\"wp-block-woocommerce-filled-cart-block\"><div data-block-name=\"woocommerce\/cart-items-block\" class=\"wp-block-woocommerce-cart-items-block\"><div data-block-name=\"woocommerce\/cart-line-items-block\" class=\"wp-block-woocommerce-cart-line-items-block\"><\/div>\n\n<div data-block-name=\"woocommerce\/cart-cross-sells-block\" class=\"wp-block-woocommerce-cart-cross-sells-block\">\n<h2 class=\"wp-block-heading has-large-font-size\">You may be interested in\u2026<\/h2>\n\n\n<div data-block-name=\"woocommerce\/cart-cross-sells-products-block\" class=\"wp-block-woocommerce-cart-cross-sells-products-block\"><\/div><\/div><\/div>\n\n<div data-block-name=\"woocommerce\/cart-totals-block\" class=\"wp-block-woocommerce-cart-totals-block\"><div data-block-name=\"woocommerce\/cart-order-summary-block\" class=\"wp-block-woocommerce-cart-order-summary-block\"><div data-block-name=\"woocommerce\/cart-order-summary-heading-block\" class=\"wp-block-woocommerce-cart-order-summary-heading-block\"><\/div>\n\n<div data-block-name=\"woocommerce\/cart-order-summary-coupon-form-block\" class=\"wp-block-woocommerce-cart-order-summary-coupon-form-block\"><\/div>\n\n<div data-block-name=\"woocommerce\/cart-order-summary-subtotal-block\" class=\"wp-block-woocommerce-cart-order-summary-subtotal-block\"><\/div>\n\n<div data-block-name=\"woocommerce\/cart-order-summary-fee-block\" class=\"wp-block-woocommerce-cart-order-summary-fee-block\"><\/div>\n\n<div data-block-name=\"woocommerce\/cart-order-summary-discount-block\" class=\"wp-block-woocommerce-cart-order-summary-discount-block\"><\/div>\n\n<div data-block-name=\"woocommerce\/cart-order-summary-shipping-block\" class=\"wp-block-woocommerce-cart-order-summary-shipping-block\"><\/div>\n\n<div data-block-name=\"woocommerce\/cart-order-summary-taxes-block\" class=\"wp-block-woocommerce-cart-order-summary-taxes-block\"><\/div><\/div>\n\n<div data-block-name=\"woocommerce\/cart-express-payment-block\" class=\"wp-block-woocommerce-cart-express-payment-block\"><\/div>\n\n<div data-block-name=\"woocommerce\/proceed-to-checkout-block\" class=\"wp-block-woocommerce-proceed-to-checkout-block\"><\/div>\n\n<div data-block-name=\"woocommerce\/cart-accepted-payment-methods-block\" class=\"wp-block-woocommerce-cart-accepted-payment-methods-block\"><\/div><\/div><\/div>\n\n<div data-block-name=\"woocommerce\/empty-cart-block\" class=\"wp-block-woocommerce-empty-cart-block\">\n<h2 class=\"wp-block-heading has-text-align-center with-empty-cart-icon wc-block-cart__empty-cart__title\">Your cart is currently empty!<\/h2>\n\n\n\n<hr class=\"wp-block-separator has-alpha-channel-opacity is-style-dots\"\/>\n\n\n\n<h2 class=\"wp-block-heading has-text-align-center\">New in store<\/h2>\n\n\n<div data-block-name=\"woocommerce\/product-new\" data-columns=\"4\" data-rows=\"1\" class=\"wc-block-grid wp-block-product-new wc-block-product-new has-4-columns\"><ul class=\"wc-block-grid__products\"><li class=\"wc-block-grid__product\">\n\t\t\t\t<a href=\"https:\/\/filtrosdeagua.ozonofiltroscostarica.com\/index.php\/product\/suavizador-de-agua-costa-rica\/\" class=\"wc-block-grid__product-link\">\n\t\t\t\t\t\n\t\t\t\t\t<div class=\"wc-block-grid__product-image\"><img loading=\"lazy\" decoding=\"async\" width=\"324\" height=\"324\" src=\"https:\/\/filtrosdeagua.ozonofiltroscostarica.com\/wp-content\/uploads\/2024\/01\/suavizador01-324x324.jpg\" class=\"attachment-woocommerce_thumbnail size-woocommerce_thumbnail\" alt=\"suavizador de agua Costa Rica\" srcset=\"https:\/\/filtrosdeagua.ozonofiltroscostarica.com\/wp-content\/uploads\/2024\/01\/suavizador01-324x324.jpg 324w, https:\/\/filtrosdeagua.ozonofiltroscostarica.com\/wp-content\/uploads\/2024\/01\/suavizador01-150x150.jpg 150w, https:\/\/filtrosdeagua.ozonofiltroscostarica.com\/wp-content\/uploads\/2024\/01\/suavizador01-100x100.jpg 100w\" sizes=\"(max-width: 324px) 100vw, 324px\" \/><\/div>\n\t\t\t\t\t<div class=\"wc-block-grid__product-title\">Suavizador de Agua Costa Rica<\/div>\n\t\t\t\t<\/a>\n\t\t\t\t<div class=\"wc-block-grid__product-price price\"><span class=\"woocommerce-Price-amount amount\"><span class=\"woocommerce-Price-currencySymbol\">&#x20a1;<\/span>778,000.00<\/span><\/div>\n\t\t\t\t\n\t\t\t\t<div class=\"wp-block-button wc-block-grid__product-add-to-cart\"><a href=\"?add-to-cart=228\" aria-label=\"A\u00f1ade &ldquo;Suavizador de Agua Costa Rica&rdquo; a tu carrito\" data-quantity=\"1\" data-product_id=\"228\" data-product_sku=\"\" data-price=\"778000\" rel=\"nofollow\" class=\"wp-block-button__link  add_to_cart_button ajax_add_to_cart\">A\u00f1adir al carrito<\/a><\/div>\n\t\t\t<\/li><li class=\"wc-block-grid__product\">\n\t\t\t\t<a href=\"https:\/\/filtrosdeagua.ozonofiltroscostarica.com\/index.php\/product\/filtro-de-agua-dulton-costa-rica\/\" class=\"wc-block-grid__product-link\">\n\t\t\t\t\t\n\t\t\t\t\t<div class=\"wc-block-grid__product-image\"><img loading=\"lazy\" decoding=\"async\" width=\"324\" height=\"324\" src=\"https:\/\/filtrosdeagua.ozonofiltroscostarica.com\/wp-content\/uploads\/2023\/12\/dulton2-324x324.jpeg\" class=\"attachment-woocommerce_thumbnail size-woocommerce_thumbnail\" alt=\"filtro de agua dulton costa rica\" srcset=\"https:\/\/filtrosdeagua.ozonofiltroscostarica.com\/wp-content\/uploads\/2023\/12\/dulton2-324x324.jpeg 324w, https:\/\/filtrosdeagua.ozonofiltroscostarica.com\/wp-content\/uploads\/2023\/12\/dulton2-150x150.jpeg 150w, https:\/\/filtrosdeagua.ozonofiltroscostarica.com\/wp-content\/uploads\/2023\/12\/dulton2-100x100.jpeg 100w\" sizes=\"(max-width: 324px) 100vw, 324px\" \/><\/div>\n\t\t\t\t\t<div class=\"wc-block-grid__product-title\">Filtro de agua Dulton Costa Rica<\/div>\n\t\t\t\t<\/a>\n\t\t\t\t<div class=\"wc-block-grid__product-price price\"><span class=\"woocommerce-Price-amount amount\"><span class=\"woocommerce-Price-currencySymbol\">&#x20a1;<\/span>180,000.00<\/span><\/div>\n\t\t\t\t\n\t\t\t\t<div class=\"wp-block-button wc-block-grid__product-add-to-cart\"><a href=\"?add-to-cart=196\" aria-label=\"A\u00f1ade &ldquo;Filtro de agua Dulton Costa Rica&rdquo; a tu carrito\" data-quantity=\"1\" data-product_id=\"196\" data-product_sku=\"\" data-price=\"180000\" rel=\"nofollow\" class=\"wp-block-button__link  add_to_cart_button ajax_add_to_cart\">A\u00f1adir al carrito<\/a><\/div>\n\t\t\t<\/li><li class=\"wc-block-grid__product\">\n\t\t\t\t<a href=\"https:\/\/filtrosdeagua.ozonofiltroscostarica.com\/index.php\/product\/filtros-de-agua-triplex-costa-rica\/\" class=\"wc-block-grid__product-link\">\n\t\t\t\t\t\n\t\t\t\t\t<div class=\"wc-block-grid__product-image\"><img loading=\"lazy\" decoding=\"async\" width=\"324\" height=\"289\" src=\"https:\/\/filtrosdeagua.ozonofiltroscostarica.com\/wp-content\/uploads\/2023\/12\/sistema-triplex-324x289.png\" class=\"attachment-woocommerce_thumbnail size-woocommerce_thumbnail\" alt=\"Filtros de agua TRIPLEX Costa Rica\" \/><\/div>\n\t\t\t\t\t<div class=\"wc-block-grid__product-title\">Filtros de agua TRIPLEX Costa Rica<\/div>\n\t\t\t\t<\/a>\n\t\t\t\t<div class=\"wc-block-grid__product-price price\"><span class=\"woocommerce-Price-amount amount\"><span class=\"woocommerce-Price-currencySymbol\">&#x20a1;<\/span>180,000.00<\/span><\/div>\n\t\t\t\t\n\t\t\t\t<div class=\"wp-block-button wc-block-grid__product-add-to-cart\"><a href=\"?add-to-cart=168\" aria-label=\"A\u00f1ade &ldquo;Filtros de agua TRIPLEX Costa Rica&rdquo; a tu carrito\" data-quantity=\"1\" data-product_id=\"168\" data-product_sku=\"\" data-price=\"180000\" rel=\"nofollow\" class=\"wp-block-button__link  add_to_cart_button ajax_add_to_cart\">A\u00f1adir al carrito<\/a><\/div>\n\t\t\t<\/li><li class=\"wc-block-grid__product\">\n\t\t\t\t<a href=\"https:\/\/filtrosdeagua.ozonofiltroscostarica.com\/index.php\/product\/essential\/\" class=\"wc-block-grid__product-link\">\n\t\t\t\t\t\n\t\t\t\t\t<div class=\"wc-block-grid__product-image\"><img loading=\"lazy\" decoding=\"async\" width=\"324\" height=\"315\" src=\"https:\/\/filtrosdeagua.ozonofiltroscostarica.com\/wp-content\/uploads\/2023\/12\/essentialfoto-324x315.jpg\" class=\"attachment-woocommerce_thumbnail size-woocommerce_thumbnail\" alt=\"essential\" \/><\/div>\n\t\t\t\t\t<div class=\"wc-block-grid__product-title\">Essential<\/div>\n\t\t\t\t<\/a>\n\t\t\t\t<div class=\"wc-block-grid__product-price price\"><span class=\"woocommerce-Price-amount amount\"><span class=\"woocommerce-Price-currencySymbol\">&#x20a1;<\/span>180,000.00<\/span><\/div>\n\t\t\t\t\n\t\t\t\t<div class=\"wp-block-button wc-block-grid__product-add-to-cart\"><a href=\"?add-to-cart=128\" aria-label=\"A\u00f1ade &ldquo;Essential&rdquo; a tu carrito\" data-quantity=\"1\" data-product_id=\"128\" data-product_sku=\"\" data-price=\"180000\" rel=\"nofollow\" class=\"wp-block-button__link  add_to_cart_button ajax_add_to_cart\">A\u00f1adir al carrito<\/a><\/div>\n\t\t\t<\/li><\/ul><\/div><\/div><\/div>","protected":false},"excerpt":{"rendered":"","protected":false},"author":1,"featured_media":0,"parent":0,"menu_order":0,"comment_status":"closed","ping_status":"closed","template":"","meta":{"footnotes":""},"yoast_head":"<!-- This site is optimized with the Yoast SEO plugin v21.6 - https:\/\/yoast.com\/wordpress\/plugins\/seo\/ -->\n<title>Cart - Filtros de Agua Filtros de Agua<\/title>\n<meta name=\"description\" content=\"You may be interested in\u2026                            Your cart is currently empty!    New in store Descubre la pureza en cada gota con nuestra selecci\u00f3n de filtros de agua de vanguardia. Transforma tu experiencia de hidrataci\u00f3n con nuestros innovadores sistemas de purificaci\u00f3n, dise\u00f1ados para brindarte agua cristalina y libre de impurezas. Explora nuestra gama de filtros de agua de alta calidad para hogares y negocios, garantizando no solo un mejor sabor, sino tambi\u00e9n la tranquilidad de un agua m\u00e1s limpia y saludable. \u00a1Haz de cada sorbo una experiencia refrescante y purificada con nuestros filtros de agua l\u00edderes en el mercado!\" \/>\n<meta name=\"robots\" content=\"index, follow, max-snippet:-1, max-image-preview:large, max-video-preview:-1\" \/>\n<link rel=\"canonical\" href=\"https:\/\/filtrosdeagua.ozonofiltroscostarica.com\/index.php\/cart\/\" \/>\n<meta property=\"og:type\" content=\"article\" \/>\n<meta property=\"og:title\" content=\"Cart - Filtros de Agua Filtros de Agua\" \/>\n<meta property=\"og:description\" content=\"You may be interested in\u2026                            Your cart is currently empty!    New in store Descubre la pureza en cada gota con nuestra selecci\u00f3n de filtros de agua de vanguardia. Transforma tu experiencia de hidrataci\u00f3n con nuestros innovadores sistemas de purificaci\u00f3n, dise\u00f1ados para brindarte agua cristalina y libre de impurezas. Explora nuestra gama de filtros de agua de alta calidad para hogares y negocios, garantizando no solo un mejor sabor, sino tambi\u00e9n la tranquilidad de un agua m\u00e1s limpia y saludable. \u00a1Haz de cada sorbo una experiencia refrescante y purificada con nuestros filtros de agua l\u00edderes en el mercado!\" \/>\n<meta property=\"og:url\" content=\"https:\/\/filtrosdeagua.ozonofiltroscostarica.com\/index.php\/cart\/\" \/>\n<meta property=\"og:site_name\" content=\"Filtros de Agua\" \/>\n<meta name=\"twitter:card\" content=\"summary_large_image\" \/>\n<script type=\"application\/ld+json\" class=\"yoast-schema-graph\">{\"@context\":\"https:\/\/schema.org\",\"@graph\":[{\"@type\":\"WebPage\",\"@id\":\"https:\/\/filtrosdeagua.ozonofiltroscostarica.com\/index.php\/cart\/\",\"url\":\"https:\/\/filtrosdeagua.ozonofiltroscostarica.com\/index.php\/cart\/\",\"name\":\"Cart - Filtros de Agua Filtros de Agua\",\"isPartOf\":{\"@id\":\"https:\/\/filtrosdeagua.ozonofiltroscostarica.com\/#website\"},\"datePublished\":\"2023-12-08T03:47:17+00:00\",\"dateModified\":\"2023-12-08T03:47:17+00:00\",\"description\":\"You may be interested in\u2026 Your cart is currently empty! New in store Descubre la pureza en cada gota con nuestra selecci\u00f3n de filtros de agua de vanguardia. Transforma tu experiencia de hidrataci\u00f3n con nuestros innovadores sistemas de purificaci\u00f3n, dise\u00f1ados para brindarte agua cristalina y libre de impurezas. Explora nuestra gama de filtros de agua de alta calidad para hogares y negocios, garantizando no solo un mejor sabor, sino tambi\u00e9n la tranquilidad de un agua m\u00e1s limpia y saludable. \u00a1Haz de cada sorbo una experiencia refrescante y purificada con nuestros filtros de agua l\u00edderes en el mercado!\",\"breadcrumb\":{\"@id\":\"https:\/\/filtrosdeagua.ozonofiltroscostarica.com\/index.php\/cart\/#breadcrumb\"},\"inLanguage\":\"es\",\"potentialAction\":[{\"@type\":\"ReadAction\",\"target\":[\"https:\/\/filtrosdeagua.ozonofiltroscostarica.com\/index.php\/cart\/\"]}]},{\"@type\":\"BreadcrumbList\",\"@id\":\"https:\/\/filtrosdeagua.ozonofiltroscostarica.com\/index.php\/cart\/#breadcrumb\",\"itemListElement\":[{\"@type\":\"ListItem\",\"position\":1,\"name\":\"Portada\",\"item\":\"https:\/\/filtrosdeagua.ozonofiltroscostarica.com\/\"},{\"@type\":\"ListItem\",\"position\":2,\"name\":\"Cart\"}]},{\"@type\":\"WebSite\",\"@id\":\"https:\/\/filtrosdeagua.ozonofiltroscostarica.com\/#website\",\"url\":\"https:\/\/filtrosdeagua.ozonofiltroscostarica.com\/\",\"name\":\"Filtros de Agua\",\"description\":\"Descubre la pureza en cada gota con nuestra selecci\u00f3n de filtros de agua de vanguardia. Transforma tu experiencia de hidrataci\u00f3n con nuestros innovadores sistemas de purificaci\u00f3n, dise\u00f1ados para brindarte agua cristalina y libre de impurezas. Explora nuestra gama de filtros de agua de alta calidad para hogares y negocios, garantizando no solo un mejor sabor, sino tambi\u00e9n la tranquilidad de un agua m\u00e1s limpia y saludable. \u00a1Haz de cada sorbo una experiencia refrescante y purificada con nuestros filtros de agua l\u00edderes en el mercado!\",\"alternateName\":\"Filtros de Agua\",\"potentialAction\":[{\"@type\":\"SearchAction\",\"target\":{\"@type\":\"EntryPoint\",\"urlTemplate\":\"https:\/\/filtrosdeagua.ozonofiltroscostarica.com\/?s={search_term_string}\"},\"query-input\":\"required name=search_term_string\"}],\"inLanguage\":\"es\"}]}<\/script>\n<!-- \/ Yoast SEO plugin. -->","yoast_head_json":{"title":"Cart - Filtros de Agua Filtros de Agua","description":"You may be interested in\u2026                            Your cart is currently empty!    New in store Descubre la pureza en cada gota con nuestra selecci\u00f3n de filtros de agua de vanguardia. Transforma tu experiencia de hidrataci\u00f3n con nuestros innovadores sistemas de purificaci\u00f3n, dise\u00f1ados para brindarte agua cristalina y libre de impurezas. Explora nuestra gama de filtros de agua de alta calidad para hogares y negocios, garantizando no solo un mejor sabor, sino tambi\u00e9n la tranquilidad de un agua m\u00e1s limpia y saludable. \u00a1Haz de cada sorbo una experiencia refrescante y purificada con nuestros filtros de agua l\u00edderes en el mercado!","robots":{"index":"index","follow":"follow","max-snippet":"max-snippet:-1","max-image-preview":"max-image-preview:large","max-video-preview":"max-video-preview:-1"},"canonical":"https:\/\/filtrosdeagua.ozonofiltroscostarica.com\/index.php\/cart\/","og_type":"article","og_title":"Cart - Filtros de Agua Filtros de Agua","og_description":"You may be interested in\u2026                            Your cart is currently empty!    New in store Descubre la pureza en cada gota con nuestra selecci\u00f3n de filtros de agua de vanguardia. Transforma tu experiencia de hidrataci\u00f3n con nuestros innovadores sistemas de purificaci\u00f3n, dise\u00f1ados para brindarte agua cristalina y libre de impurezas. Explora nuestra gama de filtros de agua de alta calidad para hogares y negocios, garantizando no solo un mejor sabor, sino tambi\u00e9n la tranquilidad de un agua m\u00e1s limpia y saludable. \u00a1Haz de cada sorbo una experiencia refrescante y purificada con nuestros filtros de agua l\u00edderes en el mercado!","og_url":"https:\/\/filtrosdeagua.ozonofiltroscostarica.com\/index.php\/cart\/","og_site_name":"Filtros de Agua","twitter_card":"summary_large_image","schema":{"@context":"https:\/\/schema.org","@graph":[{"@type":"WebPage","@id":"https:\/\/filtrosdeagua.ozonofiltroscostarica.com\/index.php\/cart\/","url":"https:\/\/filtrosdeagua.ozonofiltroscostarica.com\/index.php\/cart\/","name":"Cart - Filtros de Agua Filtros de Agua","isPartOf":{"@id":"https:\/\/filtrosdeagua.ozonofiltroscostarica.com\/#website"},"datePublished":"2023-12-08T03:47:17+00:00","dateModified":"2023-12-08T03:47:17+00:00","description":"You may be interested in\u2026 Your cart is currently empty! New in store Descubre la pureza en cada gota con nuestra selecci\u00f3n de filtros de agua de vanguardia. Transforma tu experiencia de hidrataci\u00f3n con nuestros innovadores sistemas de purificaci\u00f3n, dise\u00f1ados para brindarte agua cristalina y libre de impurezas. Explora nuestra gama de filtros de agua de alta calidad para hogares y negocios, garantizando no solo un mejor sabor, sino tambi\u00e9n la tranquilidad de un agua m\u00e1s limpia y saludable. \u00a1Haz de cada sorbo una experiencia refrescante y purificada con nuestros filtros de agua l\u00edderes en el mercado!","breadcrumb":{"@id":"https:\/\/filtrosdeagua.ozonofiltroscostarica.com\/index.php\/cart\/#breadcrumb"},"inLanguage":"es","potentialAction":[{"@type":"ReadAction","target":["https:\/\/filtrosdeagua.ozonofiltroscostarica.com\/index.php\/cart\/"]}]},{"@type":"BreadcrumbList","@id":"https:\/\/filtrosdeagua.ozonofiltroscostarica.com\/index.php\/cart\/#breadcrumb","itemListElement":[{"@type":"ListItem","position":1,"name":"Portada","item":"https:\/\/filtrosdeagua.ozonofiltroscostarica.com\/"},{"@type":"ListItem","position":2,"name":"Cart"}]},{"@type":"WebSite","@id":"https:\/\/filtrosdeagua.ozonofiltroscostarica.com\/#website","url":"https:\/\/filtrosdeagua.ozonofiltroscostarica.com\/","name":"Filtros de Agua","description":"Descubre la pureza en cada gota con nuestra selecci\u00f3n de filtros de agua de vanguardia. Transforma tu experiencia de hidrataci\u00f3n con nuestros innovadores sistemas de purificaci\u00f3n, dise\u00f1ados para brindarte agua cristalina y libre de impurezas. Explora nuestra gama de filtros de agua de alta calidad para hogares y negocios, garantizando no solo un mejor sabor, sino tambi\u00e9n la tranquilidad de un agua m\u00e1s limpia y saludable. \u00a1Haz de cada sorbo una experiencia refrescante y purificada con nuestros filtros de agua l\u00edderes en el mercado!","alternateName":"Filtros de Agua","potentialAction":[{"@type":"SearchAction","target":{"@type":"EntryPoint","urlTemplate":"https:\/\/filtrosdeagua.ozonofiltroscostarica.com\/?s={search_term_string}"},"query-input":"required name=search_term_string"}],"inLanguage":"es"}]}},"_links":{"self":[{"href":"https:\/\/filtrosdeagua.ozonofiltroscostarica.com\/index.php\/wp-json\/wp\/v2\/pages\/7"}],"collection":[{"href":"https:\/\/filtrosdeagua.ozonofiltroscostarica.com\/index.php\/wp-json\/wp\/v2\/pages"}],"about":[{"href":"https:\/\/filtrosdeagua.ozonofiltroscostarica.com\/index.php\/wp-json\/wp\/v2\/types\/page"}],"author":[{"embeddable":true,"href":"https:\/\/filtrosdeagua.ozonofiltroscostarica.com\/index.php\/wp-json\/wp\/v2\/users\/1"}],"replies":[{"embeddable":true,"href":"https:\/\/filtrosdeagua.ozonofiltroscostarica.com\/index.php\/wp-json\/wp\/v2\/comments?post=7"}],"version-history":[{"count":0,"href":"https:\/\/filtrosdeagua.ozonofiltroscostarica.com\/index.php\/wp-json\/wp\/v2\/pages\/7\/revisions"}],"wp:attachment":[{"href":"https:\/\/filtrosdeagua.ozonofiltroscostarica.com\/index.php\/wp-json\/wp\/v2\/media?parent=7"}],"curies":[{"name":"wp","href":"https:\/\/api.w.org\/{rel}","templated":true}]}}