{"id":332,"date":"2024-02-10T19:16:27","date_gmt":"2024-02-11T01:16:27","guid":{"rendered":"https:\/\/filtrosdeagua.ozonofiltroscostarica.com\/?page_id=332"},"modified":"2024-02-10T19:18:56","modified_gmt":"2024-02-11T01:18:56","slug":"contacto","status":"publish","type":"page","link":"https:\/\/filtrosdeagua.ozonofiltroscostarica.com\/index.php\/contacto\/","title":{"rendered":"Contacto"},"content":{"rendered":"\n<div class=\"wp-block-columns is-layout-flex wp-container-core-columns-layout-1 wp-block-columns-is-layout-flex\">\n<div class=\"wp-block-column is-layout-flow wp-block-column-is-layout-flow\">\n<h3 class=\"wp-block-heading\">Correo Electr\u00f3nico<\/h3>\n\n\n\n<p><a href=\"mailto:info@filtrosdeagua.ozonofiltroscostarica.com\">info@filtrosdeagua.ozonofiltroscostarica.com<\/a><\/p>\n<\/div>\n\n\n\n<div class=\"wp-block-column is-layout-flow wp-block-column-is-layout-flow\">\n<h3 class=\"wp-block-heading\">Tel\u00e9fono<\/h3>\n\n\n\n<p><a href=\"tel:88241221\">88241221<\/a><\/p>\n<\/div>\n\n\n\n<div class=\"wp-block-column is-layout-flow wp-block-column-is-layout-flow\">\n<h3 class=\"wp-block-heading\">WhatsApp<\/h3>\n\n\n\n<div class=\"wp-block-buttons is-layout-flex wp-block-buttons-is-layout-flex\">\n<div class=\"wp-block-button\"><a class=\"wp-block-button__link has-black-color has-vivid-green-cyan-background-color has-text-color has-background has-link-color wp-element-button\" href=\"https:\/\/wa.link\/jlv2io\"><strong>Consultar por WhatsApp<\/strong><\/a><\/div>\n<\/div>\n<\/div>\n<\/div>\n\n\n\n<h3 class=\"wp-block-heading\">Escr\u00edbenos<\/h3>\n\n\n<div class=\"wpforms-container wpforms-container-full wpforms-render-modern\" id=\"wpforms-334\"><form id=\"wpforms-form-334\" class=\"wpforms-validate wpforms-form wpforms-ajax-form\" data-formid=\"334\" method=\"post\" enctype=\"multipart\/form-data\" action=\"\/index.php\/wp-json\/wp\/v2\/pages\/332\" data-token=\"442ce2751ffd1eed8219f1dec7ccfdab\"><noscript class=\"wpforms-error-noscript\">Por favor, activa JavaScript en tu navegador para completar este formulario.<\/noscript><div class=\"wpforms-hidden\" id=\"wpforms-error-noscript\">Por favor, activa JavaScript en tu navegador para completar este formulario.<\/div><div class=\"wpforms-field-container\"><div id=\"wpforms-334-field_0-container\" class=\"wpforms-field wpforms-field-name\" data-field-id=\"0\"><fieldset><legend class=\"wpforms-field-label\">Nombre <span class=\"wpforms-required-label\" aria-hidden=\"true\">*<\/span><\/legend><div class=\"wpforms-field-row wpforms-field-medium\"><div class=\"wpforms-field-row-block wpforms-first wpforms-one-half\"><input type=\"text\" id=\"wpforms-334-field_0\" class=\"wpforms-field-name-first wpforms-field-required\" name=\"wpforms[fields][0][first]\" aria-errormessage=\"wpforms-334-field_0-error\" required><label for=\"wpforms-334-field_0\" class=\"wpforms-field-sublabel after \">Nombre<\/label><\/div><div class=\"wpforms-field-row-block wpforms-one-half\"><input type=\"text\" id=\"wpforms-334-field_0-last\" class=\"wpforms-field-name-last wpforms-field-required\" name=\"wpforms[fields][0][last]\" aria-errormessage=\"wpforms-334-field_0-last-error\" required><label for=\"wpforms-334-field_0-last\" class=\"wpforms-field-sublabel after \">Apellidos<\/label><\/div><\/div><\/fieldset><\/div><div id=\"wpforms-334-field_1-container\" class=\"wpforms-field wpforms-field-email\" data-field-id=\"1\"><label class=\"wpforms-field-label\" for=\"wpforms-334-field_1\">Correo electr\u00f3nico <span class=\"wpforms-required-label\" aria-hidden=\"true\">*<\/span><\/label><input type=\"email\" id=\"wpforms-334-field_1\" class=\"wpforms-field-medium wpforms-field-required\" name=\"wpforms[fields][1]\" spellcheck=\"false\" aria-errormessage=\"wpforms-334-field_1-error\" required><\/div><div id=\"wpforms-334-field_2-container\" class=\"wpforms-field wpforms-field-textarea\" data-field-id=\"2\"><label class=\"wpforms-field-label\" for=\"wpforms-334-field_2\">Comentario o mensaje<\/label><textarea id=\"wpforms-334-field_2\" class=\"wpforms-field-medium\" name=\"wpforms[fields][2]\" aria-errormessage=\"wpforms-334-field_2-error\" ><\/textarea><\/div><\/div><!-- .wpforms-field-container --><div class=\"wpforms-submit-container\" ><input type=\"hidden\" name=\"wpforms[id]\" value=\"334\"><input type=\"hidden\" name=\"wpforms[author]\" value=\"1\"><button type=\"submit\" name=\"wpforms[submit]\" id=\"wpforms-submit-334\" class=\"wpforms-submit\" data-alt-text=\"Enviando...\" data-submit-text=\"Enviar\" aria-live=\"assertive\" value=\"wpforms-submit\">Enviar<\/button><img loading=\"lazy\" decoding=\"async\" src=\"https:\/\/filtrosdeagua.ozonofiltroscostarica.com\/wp-content\/plugins\/wpforms-lite\/assets\/images\/submit-spin.svg\" class=\"wpforms-submit-spinner\" style=\"display: none;\" width=\"26\" height=\"26\" alt=\"Cargando\"><\/div><\/form><\/div>  <!-- .wpforms-container -->\n","protected":false},"excerpt":{"rendered":"<p>Correo Electr\u00f3nico info@filtrosdeagua.ozonofiltroscostarica.com Tel\u00e9fono 88241221 WhatsApp Escr\u00edbenos<\/p>\n","protected":false},"author":1,"featured_media":0,"parent":0,"menu_order":0,"comment_status":"closed","ping_status":"closed","template":"","meta":{"footnotes":""},"yoast_head":"<!-- This site is optimized with the Yoast SEO plugin v21.6 - https:\/\/yoast.com\/wordpress\/plugins\/seo\/ -->\n<title>Contacto - Filtros de Agua Filtros de Agua<\/title>\n<meta name=\"description\" content=\"Correo Electr\u00f3nico  info@filtrosdeagua.ozonofiltroscostarica.com   Tel\u00e9fono  88241221   WhatsApp   Consultar por WhatsApp    Escr\u00edbenos Descubre la pureza en cada gota con nuestra selecci\u00f3n de filtros de agua de vanguardia. Transforma tu experiencia de hidrataci\u00f3n con nuestros innovadores sistemas de purificaci\u00f3n, dise\u00f1ados para brindarte agua cristalina y libre de impurezas. Explora nuestra gama de filtros de agua de alta calidad para hogares y negocios, garantizando no solo un mejor sabor, sino tambi\u00e9n la tranquilidad de un agua m\u00e1s limpia y saludable. \u00a1Haz de cada sorbo una experiencia refrescante y purificada con nuestros filtros de agua l\u00edderes en el mercado!\" \/>\n<meta name=\"robots\" content=\"index, follow, max-snippet:-1, max-image-preview:large, max-video-preview:-1\" \/>\n<link rel=\"canonical\" href=\"https:\/\/filtrosdeagua.ozonofiltroscostarica.com\/index.php\/contacto\/\" \/>\n<meta property=\"og:type\" content=\"article\" \/>\n<meta property=\"og:title\" content=\"Contacto - Filtros de Agua Filtros de Agua\" \/>\n<meta property=\"og:description\" content=\"Correo Electr\u00f3nico  info@filtrosdeagua.ozonofiltroscostarica.com   Tel\u00e9fono  88241221   WhatsApp   Consultar por WhatsApp    Escr\u00edbenos Descubre la pureza en cada gota con nuestra selecci\u00f3n de filtros de agua de vanguardia. Transforma tu experiencia de hidrataci\u00f3n con nuestros innovadores sistemas de purificaci\u00f3n, dise\u00f1ados para brindarte agua cristalina y libre de impurezas. Explora nuestra gama de filtros de agua de alta calidad para hogares y negocios, garantizando no solo un mejor sabor, sino tambi\u00e9n la tranquilidad de un agua m\u00e1s limpia y saludable. \u00a1Haz de cada sorbo una experiencia refrescante y purificada con nuestros filtros de agua l\u00edderes en el mercado!\" \/>\n<meta property=\"og:url\" content=\"https:\/\/filtrosdeagua.ozonofiltroscostarica.com\/index.php\/contacto\/\" \/>\n<meta property=\"og:site_name\" content=\"Filtros de Agua\" \/>\n<meta property=\"article:modified_time\" content=\"2024-02-11T01:18:56+00:00\" \/>\n<meta name=\"twitter:card\" content=\"summary_large_image\" \/>\n<meta name=\"twitter:label1\" content=\"Tiempo de lectura\" \/>\n\t<meta name=\"twitter:data1\" content=\"1 minuto\" \/>\n<script type=\"application\/ld+json\" class=\"yoast-schema-graph\">{\"@context\":\"https:\/\/schema.org\",\"@graph\":[{\"@type\":\"WebPage\",\"@id\":\"https:\/\/filtrosdeagua.ozonofiltroscostarica.com\/index.php\/contacto\/\",\"url\":\"https:\/\/filtrosdeagua.ozonofiltroscostarica.com\/index.php\/contacto\/\",\"name\":\"Contacto - Filtros de Agua Filtros de Agua\",\"isPartOf\":{\"@id\":\"https:\/\/filtrosdeagua.ozonofiltroscostarica.com\/#website\"},\"datePublished\":\"2024-02-11T01:16:27+00:00\",\"dateModified\":\"2024-02-11T01:18:56+00:00\",\"description\":\"Correo Electr\u00f3nico info@filtrosdeagua.ozonofiltroscostarica.com Tel\u00e9fono 88241221 WhatsApp Consultar por WhatsApp Escr\u00edbenos Descubre la pureza en cada gota con nuestra selecci\u00f3n de filtros de agua de vanguardia. Transforma tu experiencia de hidrataci\u00f3n con nuestros innovadores sistemas de purificaci\u00f3n, dise\u00f1ados para brindarte agua cristalina y libre de impurezas. Explora nuestra gama de filtros de agua de alta calidad para hogares y negocios, garantizando no solo un mejor sabor, sino tambi\u00e9n la tranquilidad de un agua m\u00e1s limpia y saludable. \u00a1Haz de cada sorbo una experiencia refrescante y purificada con nuestros filtros de agua l\u00edderes en el mercado!\",\"breadcrumb\":{\"@id\":\"https:\/\/filtrosdeagua.ozonofiltroscostarica.com\/index.php\/contacto\/#breadcrumb\"},\"inLanguage\":\"es\",\"potentialAction\":[{\"@type\":\"ReadAction\",\"target\":[\"https:\/\/filtrosdeagua.ozonofiltroscostarica.com\/index.php\/contacto\/\"]}]},{\"@type\":\"BreadcrumbList\",\"@id\":\"https:\/\/filtrosdeagua.ozonofiltroscostarica.com\/index.php\/contacto\/#breadcrumb\",\"itemListElement\":[{\"@type\":\"ListItem\",\"position\":1,\"name\":\"Portada\",\"item\":\"https:\/\/filtrosdeagua.ozonofiltroscostarica.com\/\"},{\"@type\":\"ListItem\",\"position\":2,\"name\":\"Contacto\"}]},{\"@type\":\"WebSite\",\"@id\":\"https:\/\/filtrosdeagua.ozonofiltroscostarica.com\/#website\",\"url\":\"https:\/\/filtrosdeagua.ozonofiltroscostarica.com\/\",\"name\":\"Filtros de Agua\",\"description\":\"Descubre la pureza en cada gota con nuestra selecci\u00f3n de filtros de agua de vanguardia. Transforma tu experiencia de hidrataci\u00f3n con nuestros innovadores sistemas de purificaci\u00f3n, dise\u00f1ados para brindarte agua cristalina y libre de impurezas. Explora nuestra gama de filtros de agua de alta calidad para hogares y negocios, garantizando no solo un mejor sabor, sino tambi\u00e9n la tranquilidad de un agua m\u00e1s limpia y saludable. \u00a1Haz de cada sorbo una experiencia refrescante y purificada con nuestros filtros de agua l\u00edderes en el mercado!\",\"alternateName\":\"Filtros de Agua\",\"potentialAction\":[{\"@type\":\"SearchAction\",\"target\":{\"@type\":\"EntryPoint\",\"urlTemplate\":\"https:\/\/filtrosdeagua.ozonofiltroscostarica.com\/?s={search_term_string}\"},\"query-input\":\"required name=search_term_string\"}],\"inLanguage\":\"es\"}]}<\/script>\n<!-- \/ Yoast SEO plugin. -->","yoast_head_json":{"title":"Contacto - Filtros de Agua Filtros de Agua","description":"Correo Electr\u00f3nico  info@filtrosdeagua.ozonofiltroscostarica.com   Tel\u00e9fono  88241221   WhatsApp   Consultar por WhatsApp    Escr\u00edbenos Descubre la pureza en cada gota con nuestra selecci\u00f3n de filtros de agua de vanguardia. Transforma tu experiencia de hidrataci\u00f3n con nuestros innovadores sistemas de purificaci\u00f3n, dise\u00f1ados para brindarte agua cristalina y libre de impurezas. Explora nuestra gama de filtros de agua de alta calidad para hogares y negocios, garantizando no solo un mejor sabor, sino tambi\u00e9n la tranquilidad de un agua m\u00e1s limpia y saludable. \u00a1Haz de cada sorbo una experiencia refrescante y purificada con nuestros filtros de agua l\u00edderes en el mercado!","robots":{"index":"index","follow":"follow","max-snippet":"max-snippet:-1","max-image-preview":"max-image-preview:large","max-video-preview":"max-video-preview:-1"},"canonical":"https:\/\/filtrosdeagua.ozonofiltroscostarica.com\/index.php\/contacto\/","og_type":"article","og_title":"Contacto - Filtros de Agua Filtros de Agua","og_description":"Correo Electr\u00f3nico  info@filtrosdeagua.ozonofiltroscostarica.com   Tel\u00e9fono  88241221   WhatsApp   Consultar por WhatsApp    Escr\u00edbenos Descubre la pureza en cada gota con nuestra selecci\u00f3n de filtros de agua de vanguardia. Transforma tu experiencia de hidrataci\u00f3n con nuestros innovadores sistemas de purificaci\u00f3n, dise\u00f1ados para brindarte agua cristalina y libre de impurezas. Explora nuestra gama de filtros de agua de alta calidad para hogares y negocios, garantizando no solo un mejor sabor, sino tambi\u00e9n la tranquilidad de un agua m\u00e1s limpia y saludable. \u00a1Haz de cada sorbo una experiencia refrescante y purificada con nuestros filtros de agua l\u00edderes en el mercado!","og_url":"https:\/\/filtrosdeagua.ozonofiltroscostarica.com\/index.php\/contacto\/","og_site_name":"Filtros de Agua","article_modified_time":"2024-02-11T01:18:56+00:00","twitter_card":"summary_large_image","twitter_misc":{"Tiempo de lectura":"1 minuto"},"schema":{"@context":"https:\/\/schema.org","@graph":[{"@type":"WebPage","@id":"https:\/\/filtrosdeagua.ozonofiltroscostarica.com\/index.php\/contacto\/","url":"https:\/\/filtrosdeagua.ozonofiltroscostarica.com\/index.php\/contacto\/","name":"Contacto - Filtros de Agua Filtros de Agua","isPartOf":{"@id":"https:\/\/filtrosdeagua.ozonofiltroscostarica.com\/#website"},"datePublished":"2024-02-11T01:16:27+00:00","dateModified":"2024-02-11T01:18:56+00:00","description":"Correo Electr\u00f3nico info@filtrosdeagua.ozonofiltroscostarica.com Tel\u00e9fono 88241221 WhatsApp Consultar por WhatsApp Escr\u00edbenos Descubre la pureza en cada gota con nuestra selecci\u00f3n de filtros de agua de vanguardia. Transforma tu experiencia de hidrataci\u00f3n con nuestros innovadores sistemas de purificaci\u00f3n, dise\u00f1ados para brindarte agua cristalina y libre de impurezas. Explora nuestra gama de filtros de agua de alta calidad para hogares y negocios, garantizando no solo un mejor sabor, sino tambi\u00e9n la tranquilidad de un agua m\u00e1s limpia y saludable. \u00a1Haz de cada sorbo una experiencia refrescante y purificada con nuestros filtros de agua l\u00edderes en el mercado!","breadcrumb":{"@id":"https:\/\/filtrosdeagua.ozonofiltroscostarica.com\/index.php\/contacto\/#breadcrumb"},"inLanguage":"es","potentialAction":[{"@type":"ReadAction","target":["https:\/\/filtrosdeagua.ozonofiltroscostarica.com\/index.php\/contacto\/"]}]},{"@type":"BreadcrumbList","@id":"https:\/\/filtrosdeagua.ozonofiltroscostarica.com\/index.php\/contacto\/#breadcrumb","itemListElement":[{"@type":"ListItem","position":1,"name":"Portada","item":"https:\/\/filtrosdeagua.ozonofiltroscostarica.com\/"},{"@type":"ListItem","position":2,"name":"Contacto"}]},{"@type":"WebSite","@id":"https:\/\/filtrosdeagua.ozonofiltroscostarica.com\/#website","url":"https:\/\/filtrosdeagua.ozonofiltroscostarica.com\/","name":"Filtros de Agua","description":"Descubre la pureza en cada gota con nuestra selecci\u00f3n de filtros de agua de vanguardia. Transforma tu experiencia de hidrataci\u00f3n con nuestros innovadores sistemas de purificaci\u00f3n, dise\u00f1ados para brindarte agua cristalina y libre de impurezas. Explora nuestra gama de filtros de agua de alta calidad para hogares y negocios, garantizando no solo un mejor sabor, sino tambi\u00e9n la tranquilidad de un agua m\u00e1s limpia y saludable. \u00a1Haz de cada sorbo una experiencia refrescante y purificada con nuestros filtros de agua l\u00edderes en el mercado!","alternateName":"Filtros de Agua","potentialAction":[{"@type":"SearchAction","target":{"@type":"EntryPoint","urlTemplate":"https:\/\/filtrosdeagua.ozonofiltroscostarica.com\/?s={search_term_string}"},"query-input":"required name=search_term_string"}],"inLanguage":"es"}]}},"_links":{"self":[{"href":"https:\/\/filtrosdeagua.ozonofiltroscostarica.com\/index.php\/wp-json\/wp\/v2\/pages\/332"}],"collection":[{"href":"https:\/\/filtrosdeagua.ozonofiltroscostarica.com\/index.php\/wp-json\/wp\/v2\/pages"}],"about":[{"href":"https:\/\/filtrosdeagua.ozonofiltroscostarica.com\/index.php\/wp-json\/wp\/v2\/types\/page"}],"author":[{"embeddable":true,"href":"https:\/\/filtrosdeagua.ozonofiltroscostarica.com\/index.php\/wp-json\/wp\/v2\/users\/1"}],"replies":[{"embeddable":true,"href":"https:\/\/filtrosdeagua.ozonofiltroscostarica.com\/index.php\/wp-json\/wp\/v2\/comments?post=332"}],"version-history":[{"count":2,"href":"https:\/\/filtrosdeagua.ozonofiltroscostarica.com\/index.php\/wp-json\/wp\/v2\/pages\/332\/revisions"}],"predecessor-version":[{"id":336,"href":"https:\/\/filtrosdeagua.ozonofiltroscostarica.com\/index.php\/wp-json\/wp\/v2\/pages\/332\/revisions\/336"}],"wp:attachment":[{"href":"https:\/\/filtrosdeagua.ozonofiltroscostarica.com\/index.php\/wp-json\/wp\/v2\/media?parent=332"}],"curies":[{"name":"wp","href":"https:\/\/api.w.org\/{rel}","templated":true}]}}